{"id":221,"date":"2026-03-25T08:52:22","date_gmt":"2026-03-25T07:52:22","guid":{"rendered":"https:\/\/feyjusticia.jesuitas.es\/participa\/"},"modified":"2026-03-26T10:01:51","modified_gmt":"2026-03-26T09:01:51","slug":"participa","status":"publish","type":"page","link":"https:\/\/feyjusticia.jesuitas.es\/ca\/participa\/","title":{"rendered":"Participa"},"content":{"rendered":"<p>[et_pb_section fb_built=&#8221;1&#8243; _builder_version=&#8221;4.27.4&#8243; _module_preset=&#8221;default&#8221; background_color=&#8221;#023047&#8243; global_colors_info=&#8221;{}&#8221;][et_pb_row _builder_version=&#8221;4.27.4&#8243; _module_preset=&#8221;default&#8221; width=&#8221;90%&#8221; max_width=&#8221;1920px&#8221; global_colors_info=&#8221;{}&#8221;][et_pb_column type=&#8221;4_4&#8243; _builder_version=&#8221;4.27.4&#8243; _module_preset=&#8221;default&#8221; global_colors_info=&#8221;{}&#8221;][et_pb_text _builder_version=&#8221;4.27.6&#8243; _module_preset=&#8221;default&#8221; header_font=&#8221;&#8211;et_global_body_font|||on|||||&#8221; header_text_color=&#8221;#8ECAE6&#8243; header_font_size=&#8221;24px&#8221; header_letter_spacing=&#8221;2px&#8221; header_2_font=&#8221;|||on|||||&#8221; header_2_text_color=&#8221;#F9F9F9&#8243; header_2_font_size=&#8221;40px&#8221; global_colors_info=&#8221;{}&#8221;]<\/p>\n<h1>Participa<\/h1>\n<h2>Comparteix la teva hist\u00f2ria de Fe i Just\u00edcia<\/h2>\n<p>[\/et_pb_text][\/et_pb_column][\/et_pb_row][et_pb_row column_structure=&#8221;1_2,1_2&#8243; _builder_version=&#8221;4.27.4&#8243; _module_preset=&#8221;default&#8221; width=&#8221;90%&#8221; max_width=&#8221;1920px&#8221; global_colors_info=&#8221;{}&#8221;][et_pb_column type=&#8221;1_2&#8243; _builder_version=&#8221;4.27.4&#8243; _module_preset=&#8221;default&#8221; global_colors_info=&#8221;{}&#8221;][et_pb_text _builder_version=&#8221;4.27.6&#8243; _module_preset=&#8221;default&#8221; text_text_color=&#8221;#F9F9F9&#8243; global_colors_info=&#8221;{}&#8221;]<\/p>\n<p data-start=\"496\" data-end=\"709\">Parlar de Fe i Just\u00edcia \u00e9s parlar de vides concretes. De decisions petites i grans. De persones que, des de la feina, la fam\u00edlia, el barri o la vocaci\u00f3, intenten que l&#8217;Evangeli tingui conseq\u00fc\u00e8ncies reals.<\/p>\n<p data-start=\"711\" data-end=\"804\">Aquest espai neix per <strong data-start=\"752\" data-end=\"803\">recollir, visibilitzar i compartir aquestes hist\u00f2ries<\/strong> .<\/p>\n<p>[\/et_pb_text][et_pb_text _builder_version=&#8221;4.27.6&#8243; _module_preset=&#8221;default&#8221; text_text_color=&#8221;#F9F9F9&#8243; header_2_text_color=&#8221;#FFFFFF&#8221; global_colors_info=&#8221;{}&#8221;]<\/p>\n<h2 data-section-id=\"1dk7fa4\" data-start=\"806\" data-end=\"841\">Quina mena d&#8217;hist\u00f2ries busquem?<\/h2>\n<p data-start=\"843\" data-end=\"1042\">Volem escoltar experi\u00e8ncies reals, diverses, fins i tot imperfectes. No busquem relats idealitzats, sin\u00f3 vida viscuda amb honestedat. Hist\u00f2ries on es percebi com la fe es tradueix en comprom\u00eds.<\/p>\n<p data-start=\"843\" data-end=\"1042\">Un cop les puges, revisarem una per una i la publicarem perqu\u00e8 la vegi tota l&#8217;assemblea.<\/p>\n<p data-start=\"843\" data-end=\"1042\">Moltes gr\u00e0cies per la vostra participaci\u00f3.<\/p>\n<p>[\/et_pb_text][\/et_pb_column][et_pb_column type=&#8221;1_2&#8243; _builder_version=&#8221;4.27.4&#8243; _module_preset=&#8221;default&#8221; global_colors_info=&#8221;{}&#8221;][et_pb_code _builder_version=&#8221;4.27.6&#8243; _module_preset=&#8221;default&#8221; global_colors_info=&#8221;{}&#8221;]        <div id=\"sjd150anos-feedback\" class=\"sjd150anos-wrapper\">\n            <h2>Haz visible lo que est\u00e1s viviendo<\/h2>\n\n            \n            \n            <div id=\"sjd150anos-client-errors\" class=\"sjd150anos-message sjd150anos-error\" hidden><\/div>\n\n            <form class=\"sjd150anos-form\" style=\"display:grid;grid-template-columns:repeat(2,minmax(0,1fr));gap:12px;\" method=\"post\" enctype=\"multipart\/form-data\" novalidate>\n                <input type=\"hidden\" name=\"sjd150anos_action\" value=\"submit\" \/>\n                <input type=\"hidden\" id=\"sjd150anos_nonce\" name=\"sjd150anos_nonce\" value=\"f034aa3036\" \/><input type=\"hidden\" name=\"_wp_http_referer\" value=\"\/ca\/wp-json\/wp\/v2\/pages\/221\" \/>\n                                <input type=\"hidden\" name=\"sjd150anos_time\" value=\"1776501454\" \/>\n                <input type=\"hidden\" name=\"sjd150anos_time_token\" value=\"f1035223f36bc3a5ec60cc1661e86768ea2da9670393454fd2ecb5f5b03bf020\" \/>\n\n                <div class=\"sjd150anos-honeypot\" aria-hidden=\"true\">\n                    <label for=\"sjd_website\">No rellenar este campo<\/label>\n                    <input type=\"text\" id=\"sjd_website\" name=\"sjd_website\" value=\"\" tabindex=\"-1\" autocomplete=\"off\" \/>\n                <\/div>\n\n                <div class=\"sjd150anos-field sjd150anos-field-full\" style=\"grid-column:1 \/ -1;\">\n                    <label for=\"sjd_titulo\">Titulo *<\/label>\n                    <input type=\"text\" id=\"sjd_titulo\" name=\"sjd_titulo\" required value=\"\" \/>\n                <\/div>\n\n                <div class=\"sjd150anos-field sjd150anos-field-full\" style=\"grid-column:1 \/ -1;\">\n                    <label for=\"sjd_contenido\">Contenido *<\/label>\n                    <textarea id=\"sjd_contenido\" name=\"sjd_contenido\" maxlength=\"2000\" required><\/textarea>\n                    <p class=\"sjd150anos-counter\">\n                        <span id=\"sjd150anos-char-count\">0<\/span>\/2000\n                    <\/p>\n                <\/div>\n\n                <div class=\"sjd150anos-field\">\n                    <label for=\"sjd_imagen_destacada\">Imagen destacada (JPG, PNG, WEBP)<\/label>\n                    <input type=\"file\" id=\"sjd_imagen_destacada\" name=\"sjd_imagen_destacada\" accept=\".jpg,.jpeg,.png,.webp,image\/jpeg,image\/png,image\/webp\" \/>\n                <\/div>\n\n                <div class=\"sjd150anos-field\">\n                    <label for=\"sjd_nombre\">Nombre y apellidos *<\/label>\n                    <input type=\"text\" id=\"sjd_nombre\" name=\"sjd_nombre\" required value=\"\" \/>\n                <\/div>\n\n                <div class=\"sjd150anos-field\">\n                    <label for=\"sjd_provincia_casa\">Ciudad *<\/label>\n                    <input type=\"text\" id=\"sjd_provincia_casa\" name=\"sjd_provincia_casa\" required value=\"\" \/>\n                <\/div>\n\n                <div class=\"sjd150anos-field\">\n                    <label for=\"sjd_email\">Email *<\/label>\n                    <input type=\"email\" id=\"sjd_email\" name=\"sjd_email\" required value=\"\" \/>\n                <\/div>\n\n                <div class=\"sjd150anos-field sjd150anos-field-full\" style=\"grid-column:1 \/ -1;\">\n                    <div class=\"cf-turnstile\" data-sitekey=\"0x4AAAAAACvs_Vz-GKjZfYNC\"><\/div>\n                <\/div>\n\n                <div class=\"sjd150anos-field sjd150anos-field-full\" style=\"grid-column:1 \/ -1;\">\n                    <button type=\"submit\">Enviar propuesta<\/button>\n                <\/div>\n            <\/form>\n        <\/div>\n        [\/et_pb_code][\/et_pb_column][\/et_pb_row][et_pb_row _builder_version=&#8221;4.27.6&#8243; _module_preset=&#8221;default&#8221; width=&#8221;90%&#8221; max_width=&#8221;1920px&#8221; global_colors_info=&#8221;{}&#8221;][et_pb_column type=&#8221;4_4&#8243; _builder_version=&#8221;4.27.6&#8243; _module_preset=&#8221;default&#8221; global_colors_info=&#8221;{}&#8221;][et_pb_text _builder_version=&#8221;4.27.6&#8243; _module_preset=&#8221;default&#8221; text_text_color=&#8221;#F9F9F9&#8243; header_2_text_color=&#8221;#FFFFFF&#8221; hover_enabled=&#8221;0&#8243; global_colors_info=&#8221;{}&#8221; sticky_enabled=&#8221;0&#8243;]<\/p>\n<h2 data-section-id=\"1dk7fa4\" data-start=\"806\" data-end=\"841\">Hem viscut aquestes hist\u00f2ries<\/h2>\n<p data-start=\"843\" data-end=\"1042\">[\/et_pb_text][brbl_post_grid _builder_version=&#8221;4.27.6&#8243; _module_preset=&#8221;default&#8221; post_type=&#8221;sjd_150anos&#8221; layout=&#8221;layout1&#8243; thumb_size=&#8221;large&#8221; show_author=&#8221;off&#8221; show_date=&#8221;off&#8221; background_enable_color=&#8221;off&#8221; content_bg_color=&#8221;#8ECAE6&#8243; content_bg_enable_color=&#8221;on&#8221; border_width_all_content=&#8221;0px&#8221; border_radii_post=&#8221;on|30px|30px|30px|30px&#8221; excerpt_text_color=&#8221;#000000&#8243; excerpt_spacing_top=&#8221;14px&#8221; excerpt_font_size=&#8221;14px&#8221; title_font_size=&#8221;24px&#8221; title_line_height=&#8221;26px&#8221; title_text_color=&#8221;#023047&#8243; hover_enabled=&#8221;0&#8243; sticky_enabled=&#8221;0&#8243; post_count=&#8221;12&#8243; pagination_type=&#8221;loadmore&#8221;][\/brbl_post_grid][\/et_pb_column][\/et_pb_row][\/et_pb_section]<\/p>\n","protected":false},"excerpt":{"rendered":"<p>Participa Comparteix la teva hist\u00f2ria de Fe i Just\u00edciaParlar de Fe i Just\u00edcia \u00e9s parlar de vides concretes. De decisions petites i grans. De persones que, des de la feina, la fam\u00edlia, el barri o la vocaci\u00f3, intenten que l&#8217;Evangeli tingui conseq\u00fc\u00e8ncies reals. Aquest espai neix per recollir, visibilitzar i compartir aquestes hist\u00f2ries .Quina mena [&hellip;]<\/p>\n","protected":false},"author":1,"featured_media":0,"parent":0,"menu_order":0,"comment_status":"closed","ping_status":"closed","template":"","meta":{"_acf_changed":false,"_et_pb_use_builder":"on","_et_pb_old_content":"","_et_gb_content_width":"","footnotes":""},"class_list":["post-221","page","type-page","status-publish","hentry"],"acf":[],"_links":{"self":[{"href":"https:\/\/feyjusticia.jesuitas.es\/ca\/wp-json\/wp\/v2\/pages\/221","targetHints":{"allow":["GET"]}}],"collection":[{"href":"https:\/\/feyjusticia.jesuitas.es\/ca\/wp-json\/wp\/v2\/pages"}],"about":[{"href":"https:\/\/feyjusticia.jesuitas.es\/ca\/wp-json\/wp\/v2\/types\/page"}],"author":[{"embeddable":true,"href":"https:\/\/feyjusticia.jesuitas.es\/ca\/wp-json\/wp\/v2\/users\/1"}],"replies":[{"embeddable":true,"href":"https:\/\/feyjusticia.jesuitas.es\/ca\/wp-json\/wp\/v2\/comments?post=221"}],"version-history":[{"count":2,"href":"https:\/\/feyjusticia.jesuitas.es\/ca\/wp-json\/wp\/v2\/pages\/221\/revisions"}],"predecessor-version":[{"id":225,"href":"https:\/\/feyjusticia.jesuitas.es\/ca\/wp-json\/wp\/v2\/pages\/221\/revisions\/225"}],"wp:attachment":[{"href":"https:\/\/feyjusticia.jesuitas.es\/ca\/wp-json\/wp\/v2\/media?parent=221"}],"curies":[{"name":"wp","href":"https:\/\/api.w.org\/{rel}","templated":true}]}}