{"id":245,"date":"2025-10-08T06:04:22","date_gmt":"2025-10-08T04:04:22","guid":{"rendered":"https:\/\/feyjusticia.jesuitas.es\/sample-page\/"},"modified":"2026-03-26T10:02:04","modified_gmt":"2026-03-26T09:02:04","slug":"sample-page","status":"publish","type":"page","link":"https:\/\/feyjusticia.jesuitas.es\/ca\/sample-page\/","title":{"rendered":"Sample Page"},"content":{"rendered":"\n<p>This is an example page. \u00c9s different del bloc post because que est\u00e0 en un lloc i s&#8217;hi pot veure en el seu lloc de navegaci\u00f3 (in most themes). Most people start with out page that introdu\u00efs them to potential site visitors. It might say something like this:<\/p>\n\n<blockquote class=\"wp-block-quote is-layout-flow wp-block-quote-is-layout-flow\"><p>Hi there! I&#8217;m a bike messenger per dia, aspiraci\u00f3 d&#8217;actor per nit, i aquest \u00e9s el meu lloc web. I live in Los Angeles, hi ha great dog named Jack, and I like pinya colades. (And gettin&#8217; caught in the rain.)<\/p><\/blockquote>\n\n<p>&#8230;or something like this:<\/p>\n\n<blockquote class=\"wp-block-quote is-layout-flow wp-block-quote-is-layout-flow\"><p>The XYZ Doohickey Company va ser fundada el 1971, i has be providing qualitat doohickeys al p\u00fablic sense since. Localitzats en Gotham City, XYZ employs over 2,000 people and does all kinds awesome things for the Gotham community.<\/p><\/blockquote>\n\n<p>Aix a new WordPress user, should go to <a href=\"https:\/\/feyjusticia.jesuitas.es\/wp-admin\/\">your dashboard<\/a> to delete this page and create new pages for your content. Have fun!<\/p>\n","protected":false},"excerpt":{"rendered":"<p>This is an example page. \u00c9s different del bloc post because que est\u00e0 en un lloc i s&#8217;hi pot veure en el seu lloc de navegaci\u00f3 (in most themes). Most people start with out page that introdu\u00efs them to potential site visitors. It might say something like this: Hi there! I&#8217;m a bike messenger per [&hellip;]<\/p>\n","protected":false},"author":1,"featured_media":0,"parent":0,"menu_order":0,"comment_status":"closed","ping_status":"open","template":"","meta":{"_acf_changed":false,"_et_pb_use_builder":"","_et_pb_old_content":"","_et_gb_content_width":"","footnotes":""},"class_list":["post-245","page","type-page","status-publish","hentry"],"acf":[],"_links":{"self":[{"href":"https:\/\/feyjusticia.jesuitas.es\/ca\/wp-json\/wp\/v2\/pages\/245","targetHints":{"allow":["GET"]}}],"collection":[{"href":"https:\/\/feyjusticia.jesuitas.es\/ca\/wp-json\/wp\/v2\/pages"}],"about":[{"href":"https:\/\/feyjusticia.jesuitas.es\/ca\/wp-json\/wp\/v2\/types\/page"}],"author":[{"embeddable":true,"href":"https:\/\/feyjusticia.jesuitas.es\/ca\/wp-json\/wp\/v2\/users\/1"}],"replies":[{"embeddable":true,"href":"https:\/\/feyjusticia.jesuitas.es\/ca\/wp-json\/wp\/v2\/comments?post=245"}],"version-history":[{"count":1,"href":"https:\/\/feyjusticia.jesuitas.es\/ca\/wp-json\/wp\/v2\/pages\/245\/revisions"}],"predecessor-version":[{"id":246,"href":"https:\/\/feyjusticia.jesuitas.es\/ca\/wp-json\/wp\/v2\/pages\/245\/revisions\/246"}],"wp:attachment":[{"href":"https:\/\/feyjusticia.jesuitas.es\/ca\/wp-json\/wp\/v2\/media?parent=245"}],"curies":[{"name":"wp","href":"https:\/\/api.w.org\/{rel}","templated":true}]}}