{"id":250,"date":"2025-10-08T14:26:43","date_gmt":"2025-10-08T12:26:43","guid":{"rendered":"https:\/\/feyjusticia.jesuitas.es\/ecos\/"},"modified":"2026-03-26T10:02:13","modified_gmt":"2026-03-26T09:02:13","slug":"ecos","status":"publish","type":"page","link":"https:\/\/feyjusticia.jesuitas.es\/ca\/ecos\/","title":{"rendered":"Ecos"},"content":{"rendered":"<p>[et_pb_section fb_built=&#8221;1&#8243; _builder_version=&#8221;4.27.4&#8243; _module_preset=&#8221;default&#8221; background_color=&#8221;#023047&#8243; global_colors_info=&#8221;{}&#8221;][et_pb_row _builder_version=&#8221;4.27.4&#8243; _module_preset=&#8221;default&#8221; width=&#8221;90%&#8221; max_width=&#8221;1920px&#8221; global_colors_info=&#8221;{}&#8221;][et_pb_column type=&#8221;4_4&#8243; _builder_version=&#8221;4.27.4&#8243; _module_preset=&#8221;default&#8221; global_colors_info=&#8221;{}&#8221;][et_pb_text _builder_version=&#8221;4.27.4&#8243; _module_preset=&#8221;default&#8221; header_font=&#8221;&#8211;et_global_body_font|||on|||||&#8221; header_text_color=&#8221;#8ECAE6&#8243; header_font_size=&#8221;24px&#8221; header_letter_spacing=&#8221;2px&#8221; header_2_font=&#8221;|||on|||||&#8221; header_2_text_color=&#8221;#F9F9F9&#8243; header_2_font_size=&#8221;40px&#8221; global_colors_info=&#8221;{}&#8221;]<\/p>\n<h1>Ressons del decret quart<\/h1>\n<h2>la m\u00fasica de la fe i la just\u00edcia<\/h2>\n<p>[\/et_pb_text][\/et_pb_column][\/et_pb_row][et_pb_row column_structure=&#8221;2_3,1_3&#8243; _builder_version=&#8221;4.27.4&#8243; _module_preset=&#8221;default&#8221; width=&#8221;90%&#8221; max_width=&#8221;1920px&#8221; global_colors_info=&#8221;{}&#8221;][et_pb_column type=&#8221;2_3&#8243; _builder_version=&#8221;4.27.4&#8243; _module_preset=&#8221;default&#8221; global_colors_info=&#8221;{}&#8221;][et_pb_text _builder_version=&#8221;4.27.4&#8243; _module_preset=&#8221;default&#8221; text_text_color=&#8221;#F9F9F9&#8243; text_line_height=&#8221;1.6em&#8221; header_font=&#8221;&#8211;et_global_body_font|||on|||||&#8221; header_text_color=&#8221;#8ECAE6&#8243; header_font_size=&#8221;24px&#8221; header_letter_spacing=&#8221;2px&#8221; header_2_font=&#8221;|||on|||||&#8221; header_2_text_color=&#8221;#F9F9F9&#8243; header_2_font_size=&#8221;40px&#8221; global_colors_info=&#8221;{}&#8221;]<\/p>\n<p><span style=\"font-weight: 400;\">L&#8217;opci\u00f3 fe-just\u00edcia \u2014aquell crit prof\u00e8tic de la Companyia de Jes\u00fas a la Congregaci\u00f3 General 32\u2014 ha generat ones expansives que continuen ressonant. Per rec\u00f3rrer el seu ress\u00f2, ens podem deixar guiar per una met\u00e0fora musical. Tres instruments, tres modes de vibraci\u00f3, tres claus per entendre aquest cam\u00ed espiritual i comprom\u00e8s: el viol\u00ed, l&#8217;acordi\u00f3 i el tambor. Cadasc\u00fa, amb la seva particular sonoritat, ens ajuda a escoltar all\u00f2 que l&#8217;Esperit segueix dient avui. Cadasc\u00fa ens permet captar una faceta del binomi fe-just\u00edcia.<\/span><\/p>\n<p>[\/et_pb_text][\/et_pb_column][et_pb_column type=&#8221;1_3&#8243; _builder_version=&#8221;4.27.4&#8243; _module_preset=&#8221;default&#8221; global_colors_info=&#8221;{}&#8221;][\/et_pb_column][\/et_pb_row][et_pb_row column_structure=&#8221;2_3,1_3&#8243; make_equal=&#8221;on&#8221; _builder_version=&#8221;4.27.4&#8243; _module_preset=&#8221;default&#8221; width=&#8221;90%&#8221; max_width=&#8221;1920px&#8221; hover_enabled=&#8221;0&#8243; global_colors_info=&#8221;{}&#8221; sticky_enabled=&#8221;0&#8243;][et_pb_column type=&#8221;2_3&#8243; _builder_version=&#8221;4.27.4&#8243; _module_preset=&#8221;default&#8221; custom_padding=&#8221;20px||20px||true|false&#8221; custom_css_main_element=&#8221;margin: auto;&#8221; global_colors_info=&#8221;{}&#8221;][et_pb_text _builder_version=&#8221;4.27.4&#8243; _module_preset=&#8221;default&#8221; text_text_color=&#8221;#F9F9F9&#8243; text_line_height=&#8221;1.6em&#8221; header_font=&#8221;&#8211;et_global_body_font|||on|||||&#8221; header_text_color=&#8221;#8ECAE6&#8243; header_font_size=&#8221;24px&#8221; header_letter_spacing=&#8221;2px&#8221; header_2_font=&#8221;|||on|||||&#8221; header_2_text_color=&#8221;#F9F9F9&#8243; header_2_font_size=&#8221;40px&#8221; global_colors_info=&#8221;{}&#8221;]<\/p>\n<p><span style=\"font-weight: 400;\">El viol\u00ed. Com el violinista a la teulada \u2014figura evocadora tant al cinema com a les pintures de Marc Chagall\u2014, susp\u00e8s entre cel i terra, el binomi inseparable de fe i just\u00edcia equilibra aquesta tensi\u00f3 entre all\u00f2 sagrat i all\u00f2 prof\u00e0, global i local. El violinista t\u00e9 un peu apuntant al cel i l&#8217;altre ancorat a la terra, des d&#8217;on eleva la m\u00fasica. Els peus a terra i el crit al cel. Aix\u00ed tamb\u00e9 \u00e9s la nostra opci\u00f3 b\u00e0sica, \u201cla lluita crucial del nostre temps la lluita per la fe i la lluita per la just\u00edcia que aquesta mateixa fe exigeix\u201d (CG32, D2, n.2): arrelada a la realitat ferida i sempre oberta a l&#8217;esperan\u00e7a. El viol\u00ed canta amb bellesa un comprom\u00eds que no \u00e9s nom\u00e9s \u00e8tic, sin\u00f3 profundament evang\u00e8lic. \u201cDit breument: la missi\u00f3 de la Companyia de Jes\u00fas avui \u00e9s el servei de la fe, del qual la promoci\u00f3 de la just\u00edcia constitueix una exig\u00e8ncia absoluta\u201d (CG32, D4, n\u00fam.2).<\/span><\/p>\n<p>[\/et_pb_text][\/et_pb_column][et_pb_column type=&#8221;1_3&#8243; _builder_version=&#8221;4.27.4&#8243; _module_preset=&#8221;default&#8221; background_image=&#8221;https:\/\/feyjusticia.jesuitas.es\/wp-content\/uploads\/2025\/10\/sjdigital_A_photo_of_a_violinist_standing_on_a_rooftop_at_sunse_8e2b7b6f-15ad-4b0a-853a-bd25eb31f42b.jpeg&#8221; scroll_fade_enable=&#8221;on&#8221; scroll_fade=&#8221;0|25|75|100|0|100|0%&#8221; border_radii=&#8221;on|30px|30px|30px|30px&#8221; global_colors_info=&#8221;{}&#8221;][et_pb_code _builder_version=&#8221;4.27.4&#8243; _module_preset=&#8221;default&#8221; min_height=&#8221;300px&#8221; hover_enabled=&#8221;0&#8243; sticky_enabled=&#8221;0&#8243;][\/et_pb_code][\/et_pb_column][\/et_pb_row][et_pb_row column_structure=&#8221;2_3,1_3&#8243; make_equal=&#8221;on&#8221; _builder_version=&#8221;4.27.4&#8243; _module_preset=&#8221;default&#8221; width=&#8221;90%&#8221; max_width=&#8221;1920px&#8221; global_colors_info=&#8221;{}&#8221;][et_pb_column type=&#8221;2_3&#8243; _builder_version=&#8221;4.27.4&#8243; _module_preset=&#8221;default&#8221; custom_padding=&#8221;20px||20px||true|false&#8221; custom_css_main_element=&#8221;margin: auto;&#8221; global_colors_info=&#8221;{}&#8221;][et_pb_text _builder_version=&#8221;4.27.4&#8243; _module_preset=&#8221;default&#8221; text_text_color=&#8221;#F9F9F9&#8243; text_line_height=&#8221;1.6em&#8221; header_font=&#8221;&#8211;et_global_body_font|||on|||||&#8221; header_text_color=&#8221;#8ECAE6&#8243; header_font_size=&#8221;24px&#8221; header_letter_spacing=&#8221;2px&#8221; header_2_font=&#8221;|||on|||||&#8221; header_2_text_color=&#8221;#F9F9F9&#8243; header_2_font_size=&#8221;40px&#8221; global_colors_info=&#8221;{}&#8221;]<\/p>\n<p><span style=\"font-weight: 400;\">L?acordi\u00f3 ajuda a captar el ritme de la hist\u00f2ria recent. El seu moviment d&#8217;expansi\u00f3 i contracci\u00f3 evoca el proc\u00e9s viscut aquestes d\u00e8cades, marcant el punt d&#8217;inflexi\u00f3 que va suposar l&#8217;any 2000. Vint-i-cinc anys despr\u00e9s del Decret 4, la carta del P. Kolvenbach sobre l&#8217;apostolat social distingia amb lucidesa entre la dimensi\u00f3 social de tota la nostra missi\u00f3 i el sector social pr\u00f2piament dit. I advertia amb for\u00e7a sobre el risc que \u201cper falta d&#8217;un apostolat social vigor\u00f3s i ben organitzat, la dimensi\u00f3 social essencial s&#8217;esvairia a poc a poc\u201d. A Espanya, les Jornades Socials d&#8217;Alcal\u00e1 d&#8217;aquell mateix any 2000 van donar peu a l&#8217;organitzaci\u00f3 del sector social que coneixem avui, il\u00b7luminant unes decisions que s&#8217;han mostrat fecundes. L&#8217;acordi\u00f3 s&#8217;expandeix per portar la dimensi\u00f3 social a tots els \u00e0mbits, i es contrau per articular un sector espec\u00edfic, s\u00f2lid i comprom\u00e8s.<\/span><\/p>\n<p>[\/et_pb_text][\/et_pb_column][et_pb_column type=&#8221;1_3&#8243; _builder_version=&#8221;4.27.4&#8243; _module_preset=&#8221;default&#8221; background_image=&#8221;https:\/\/feyjusticia.jesuitas.es\/wp-content\/uploads\/2025\/10\/sjdigital_A_photo_of_a_middle-aged_man_or_woman_playing_an_acco_6ade3299-cbbc-4f53-a746-9fa01734722f.jpeg&#8221; scroll_fade_enable=&#8221;on&#8221; scroll_fade=&#8221;0|25|75|100|0|100|0%&#8221; border_radii=&#8221;on|30px|30px|30px|30px&#8221; global_colors_info=&#8221;{}&#8221;][et_pb_code _builder_version=&#8221;4.27.4&#8243; _module_preset=&#8221;default&#8221; min_height=&#8221;300px&#8221; hover_enabled=&#8221;0&#8243; sticky_enabled=&#8221;0&#8243;][\/et_pb_code][\/et_pb_column][\/et_pb_row][et_pb_row column_structure=&#8221;2_3,1_3&#8243; make_equal=&#8221;on&#8221; _builder_version=&#8221;4.27.4&#8243; _module_preset=&#8221;default&#8221; width=&#8221;90%&#8221; max_width=&#8221;1920px&#8221; global_colors_info=&#8221;{}&#8221;][et_pb_column type=&#8221;2_3&#8243; _builder_version=&#8221;4.27.4&#8243; _module_preset=&#8221;default&#8221; custom_padding=&#8221;20px||20px||true|false&#8221; custom_css_main_element=&#8221;margin: auto;&#8221; global_colors_info=&#8221;{}&#8221;][et_pb_text _builder_version=&#8221;4.27.4&#8243; _module_preset=&#8221;default&#8221; text_text_color=&#8221;#F9F9F9&#8243; text_line_height=&#8221;1.6em&#8221; header_font=&#8221;&#8211;et_global_body_font|||on|||||&#8221; header_text_color=&#8221;#8ECAE6&#8243; header_font_size=&#8221;24px&#8221; header_letter_spacing=&#8221;2px&#8221; header_2_font=&#8221;|||on|||||&#8221; header_2_text_color=&#8221;#F9F9F9&#8243; header_2_font_size=&#8221;40px&#8221; global_colors_info=&#8221;{}&#8221;]<\/p>\n<p><span style=\"font-weight: 400;\">El tambor, present en m\u00faltiples cultures, convoca el poble i marca el pols del que \u00e9s com\u00fa. El seu ritme profund connecta amb la dimensi\u00f3 espiritual de la just\u00edcia. Ens recorda \u2014com es canta a<\/span> <i><span style=\"font-weight: 400;\">Los Miserables<\/span><\/i> <span style=\"font-weight: 400;\">:<\/span> <i><span style=\"font-weight: 400;\">\u201cWhen the beating of your heart echoes the beating of the drum\u2026\u201d<\/span><\/i> <span style=\"font-weight: 400;\">\u2014 que la fe compromesa no \u00e9s nom\u00e9s doctrina ni ideologia, sin\u00f3 experi\u00e8ncia viscuda que toca el cor. Com deia la Congregaci\u00f3 General 34: \u201cLa nostra fe s&#8217;ha fet m\u00e9s pasqual, m\u00e9s compassiva, m\u00e9s tendra, m\u00e9s evang\u00e8lica a la seva senzillesa\u201d (CG34, D2, n.1). Parlar de fe-just\u00edcia \u00e9s parlar d&#8217;una espiritualitat encarnada, on la m\u00edstica i l&#8217;acci\u00f3 no es contraposen sin\u00f3 que s&#8217;abracen. Anem aprenent a ser persones contemplatives a l&#8217;acci\u00f3 per la just\u00edcia.<\/span><\/p>\n<p>[\/et_pb_text][\/et_pb_column][et_pb_column type=&#8221;1_3&#8243; _builder_version=&#8221;4.27.4&#8243; _module_preset=&#8221;default&#8221; background_image=&#8221;https:\/\/feyjusticia.jesuitas.es\/wp-content\/uploads\/2025\/10\/sjdigital_A_photo_of_a_group_of_diverse_people_from_different_b_5a047604-78d8-4bec-bbc2-06b6a790bb05.jpeg&#8221; scroll_fade_enable=&#8221;on&#8221; scroll_fade=&#8221;0|25|75|100|0|100|0%&#8221; border_radii=&#8221;on|30px|30px|30px|30px&#8221; global_colors_info=&#8221;{}&#8221;][et_pb_code _builder_version=&#8221;4.27.4&#8243; _module_preset=&#8221;default&#8221; min_height=&#8221;300px&#8221; hover_enabled=&#8221;0&#8243; sticky_enabled=&#8221;0&#8243;][\/et_pb_code][\/et_pb_column][\/et_pb_row][et_pb_row column_structure=&#8221;2_3,1_3&#8243; make_equal=&#8221;on&#8221; _builder_version=&#8221;4.27.4&#8243; _module_preset=&#8221;default&#8221; width=&#8221;90%&#8221; max_width=&#8221;1920px&#8221; global_colors_info=&#8221;{}&#8221;][et_pb_column type=&#8221;2_3&#8243; _builder_version=&#8221;4.27.4&#8243; _module_preset=&#8221;default&#8221; custom_padding=&#8221;20px||20px||true|false&#8221; custom_css_main_element=&#8221;margin: auto;&#8221; global_colors_info=&#8221;{}&#8221;][et_pb_text _builder_version=&#8221;4.27.4&#8243; _module_preset=&#8221;default&#8221; text_text_color=&#8221;#F9F9F9&#8243; text_line_height=&#8221;1.6em&#8221; header_font=&#8221;&#8211;et_global_body_font|||on|||||&#8221; header_text_color=&#8221;#8ECAE6&#8243; header_font_size=&#8221;24px&#8221; header_letter_spacing=&#8221;2px&#8221; header_2_font=&#8221;|||on|||||&#8221; header_2_text_color=&#8221;#F9F9F9&#8243; header_2_font_size=&#8221;40px&#8221; global_colors_info=&#8221;{}&#8221;]<\/p>\n<p><span style=\"font-weight: 400;\">Potser podem afegir un quart instrument: el sintetitzador, aquest aparell que permet crear noves combinacions. El sintetitzador representa el desafiament actual: articular una s\u00edntesi nova entre fe i just\u00edcia que integri tamb\u00e9 la reconciliaci\u00f3 amb la creaci\u00f3, l&#8217;hospitalitat intercultural i la compassi\u00f3 activa en un m\u00f3n fragmentat. \u00c9s temps de compondre una nova m\u00fasica, sense perdre les notes de l&#8217;Evangeli. Com recorda el papa Francesc: \u201cSi la m\u00fasica de l&#8217;Evangeli deixa de vibrar a les nostres entranyes, haurem perdut l&#8217;alegria que brolla de la compassi\u00f3 [&#8230;] Si deixa de sonar a casa nostra, a les nostres places, als treballs, a la pol\u00edtica ia l&#8217;economia, haurem apagat la melodia que ens desafiava a lluitar per la<\/span> <span style=\"font-weight: 400;\">dig<\/span> <i><span style=\"font-weight: 400;\">.<\/span><\/i> <span style=\"font-weight: 400;\">277).<\/span><\/p>\n<p>[\/et_pb_text][\/et_pb_column][et_pb_column type=&#8221;1_3&#8243; _builder_version=&#8221;4.27.4&#8243; _module_preset=&#8221;default&#8221; background_image=&#8221;https:\/\/feyjusticia.jesuitas.es\/wp-content\/uploads\/2025\/10\/sjdigital_A_photo_of_a_young_person_composing_music_with_a_synt_1e60bbdc-34ab-4a51-8c01-85bb36be0d95.jpeg&#8221; scroll_fade_enable=&#8221;on&#8221; scroll_fade=&#8221;0|25|75|100|0|100|0%&#8221; border_radii=&#8221;on|30px|30px|30px|30px&#8221; global_colors_info=&#8221;{}&#8221;][et_pb_code _builder_version=&#8221;4.27.4&#8243; _module_preset=&#8221;default&#8221; min_height=&#8221;300px&#8221; hover_enabled=&#8221;0&#8243; sticky_enabled=&#8221;0&#8243;][\/et_pb_code][\/et_pb_column][\/et_pb_row][\/et_pb_section]<\/p>\n","protected":false},"excerpt":{"rendered":"<p>Ressons del decret quart la m\u00fasica de la fe i la just\u00edciaL&#8217;opci\u00f3 fe-just\u00edcia \u2014aquell crit prof\u00e8tic de la Companyia de Jes\u00fas a la Congregaci\u00f3 General 32\u2014 ha generat ones expansives que continuen ressonant. Per rec\u00f3rrer el seu ress\u00f2, ens podem deixar guiar per una met\u00e0fora musical. Tres instruments, tres modes de vibraci\u00f3, tres claus per [&hellip;]<\/p>\n","protected":false},"author":1,"featured_media":0,"parent":0,"menu_order":0,"comment_status":"closed","ping_status":"closed","template":"","meta":{"_acf_changed":false,"_et_pb_use_builder":"on","_et_pb_old_content":"","_et_gb_content_width":"","footnotes":""},"class_list":["post-250","page","type-page","status-publish","hentry"],"acf":[],"_links":{"self":[{"href":"https:\/\/feyjusticia.jesuitas.es\/ca\/wp-json\/wp\/v2\/pages\/250","targetHints":{"allow":["GET"]}}],"collection":[{"href":"https:\/\/feyjusticia.jesuitas.es\/ca\/wp-json\/wp\/v2\/pages"}],"about":[{"href":"https:\/\/feyjusticia.jesuitas.es\/ca\/wp-json\/wp\/v2\/types\/page"}],"author":[{"embeddable":true,"href":"https:\/\/feyjusticia.jesuitas.es\/ca\/wp-json\/wp\/v2\/users\/1"}],"replies":[{"embeddable":true,"href":"https:\/\/feyjusticia.jesuitas.es\/ca\/wp-json\/wp\/v2\/comments?post=250"}],"version-history":[{"count":4,"href":"https:\/\/feyjusticia.jesuitas.es\/ca\/wp-json\/wp\/v2\/pages\/250\/revisions"}],"predecessor-version":[{"id":260,"href":"https:\/\/feyjusticia.jesuitas.es\/ca\/wp-json\/wp\/v2\/pages\/250\/revisions\/260"}],"wp:attachment":[{"href":"https:\/\/feyjusticia.jesuitas.es\/ca\/wp-json\/wp\/v2\/media?parent=250"}],"curies":[{"name":"wp","href":"https:\/\/api.w.org\/{rel}","templated":true}]}}