{"id":239,"date":"2025-10-08T14:50:11","date_gmt":"2025-10-08T12:50:11","guid":{"rendered":"https:\/\/feyjusticia.jesuitas.es\/historias\/"},"modified":"2026-03-26T10:02:01","modified_gmt":"2026-03-26T09:02:01","slug":"historias","status":"publish","type":"page","link":"https:\/\/feyjusticia.jesuitas.es\/gl\/historias\/","title":{"rendered":"Historias"},"content":{"rendered":"<p>[et_pb_section fb_built=&#8221;1&#8243; _builder_version=&#8221;4.27.4&#8243; _module_preset=&#8221;default&#8221; background_color=&#8221;#023047&#8243; global_colors_info=&#8221;{}&#8221;][et_pb_row _builder_version=&#8221;4.27.4&#8243; _module_preset=&#8221;default&#8221; width=&#8221;90%&#8221; max_width=&#8221;1920px&#8221; global_colors_info=&#8221;{}&#8221;][et_pb_column type=&#8221;4_4&#8243; _builder_version=&#8221;4.27.4&#8243; _module_preset=&#8221;default&#8221; global_colors_info=&#8221;{}&#8221;][et_pb_text _builder_version=&#8221;4.27.4&#8243; _module_preset=&#8221;default&#8221; header_font=&#8221;&#8211;et_global_body_font|||on|||||&#8221; header_text_color=&#8221;#8ECAE6&#8243; header_font_size=&#8221;24px&#8221; header_letter_spacing=&#8221;2px&#8221; header_2_font=&#8221;|||on|||||&#8221; header_2_text_color=&#8221;#F9F9F9&#8243; header_2_font_size=&#8221;40px&#8221; global_colors_info=&#8221;{}&#8221;]<\/p>\n<h1>Historias<\/h1>\n<h2>Fe que trae xustiza, hoxe<\/h2>\n<p>[\/et_pb_text][\/et_pb_column][\/et_pb_row][et_pb_row _builder_version=&#8221;4.27.4&#8243; _module_preset=&#8221;default&#8221; width=&#8221;90%&#8221; max_width=&#8221;1920px&#8221; global_colors_info=&#8221;{}&#8221;][et_pb_column type=&#8221;4_4&#8243; _builder_version=&#8221;4.27.4&#8243; _module_preset=&#8221;default&#8221; global_colors_info=&#8221;{}&#8221;][brbl_post_grid post_type=&#8221;historia&#8221; post_count=&#8221;12&#8243; content_padding=&#8221;30px|30px|10px|30px|false|false&#8221; content_placement_y=&#8221;bottom&#8221; img_hover_style=&#8221;zoon_in&#8221; layout=&#8221;layout3&#8243; column_count=&#8221;4&#8243; thumb_size=&#8221;large&#8221; show_author=&#8221;off&#8221; show_date=&#8221;off&#8221; pagination_type=&#8221;loadmore&#8221; overlay_bg_color=&#8221;rgba(2,48,71,0.31)&#8221; overlay_bg_use_color_gradient=&#8221;on&#8221; overlay_bg_color_gradient_stops=&#8221;rgba(2,48,71,0.1) 1%|rgba(2,48,71,0.3) 100%&#8221; content_bg_use_color_gradient=&#8221;on&#8221; content_bg_color_gradient_stops=&#8221;rgba(2,48,71,0) 0%|rgba(2,48,71,0.5) 100%&#8221; _builder_version=&#8221;4.27.4&#8243; _module_preset=&#8221;default&#8221; title_font=&#8221;&#8211;et_global_body_font||||||||&#8221; title_text_color=&#8221;#FFFFFF&#8221; excerpt_text_color=&#8221;#F9F9F9&#8243; excerpt_font_size=&#8221;16px&#8221; hover_enabled=&#8221;0&#8243; border_radii_image=&#8221;on|30px|30px|30px|30px&#8221; border_width_all_content=&#8221;0px&#8221; global_colors_info=&#8221;{}&#8221; content_bg_color=&#8221;RGBA(255,255,255,0)&#8221; content_bg_enable_color=&#8221;on&#8221; sticky_enabled=&#8221;0&#8243;][\/brbl_post_grid][\/et_pb_column][\/et_pb_row][\/et_pb_section]<\/p>\n","protected":false},"excerpt":{"rendered":"<p>Historias Fe que trae xustiza, hoxe<div class=\"et_pb_with_border et_pb_module brbl_post_grid brbl_post_grid_0\">\n\t\t\t\t\n\t\t\t\t\n\t\t\t\t\n\t\t\t\t\n\t\t\t\t\n\t\t\t\t\n\t\t\t\t<div class=\"et_pb_module_inner\">\n\t\t\t\t\t<div class=\"brbl-module brbl-post-grid equal-height-on brbl-postgrid-infinite\" data-options=\"{&quot;layout&quot;:&quot;layout3&quot;,&quot;blog_order&quot;:0,&quot;pagination_type&quot;:&quot;loadmore&quot;,&quot;loadmore_type&quot;:&quot;scroll&quot;}\" >\r\n                <div id=\"brbl-blog-wrapper\" class=\"brbl-blog brbl-blog-scroll-0\"><div class=\"brbl-blog-item  brbl-blog-item-layout3-0\">\r\n        <article class=\"brbl-post-card brbl-post-card-3 \">\r\n            <figure class=\"brbl-post-thumb\">\r\n\t\t\t<a href=\"https:\/\/feyjusticia.jesuitas.es\/gl\/historia\/iluminando-camino-safa\/\">\r\n\t\t\t\t<div class=\"brbl-overlay\" data-icon=\"\"><\/div>\r\n\t\t\t\t<img width=\"1024\" height=\"625\" src=\"https:\/\/feyjusticia.jesuitas.es\/wp-content\/uploads\/2025\/10\/SAFA-1024x625.jpg\" class=\"attachment-large size-large wp-post-image\" alt=\"\" decoding=\"async\" loading=\"lazy\" srcset=\"https:\/\/feyjusticia.jesuitas.es\/wp-content\/uploads\/2025\/10\/SAFA-980x598.jpg 980w, https:\/\/feyjusticia.jesuitas.es\/wp-content\/uploads\/2025\/10\/SAFA-480x293.jpg 480w\" sizes=\"(min-width: 0px) and (max-width: 480px) 480px, (min-width: 481px) and (max-width: 980px) 980px, (min-width: 981px) 1024px, 100vw\" \/>\r\n\t\t\t<\/a>\r\n\t\t<\/figure>\r\n\t\t\t<div class=\"brbl-blog-content\">\r\n                 <h4 class=\"brbl-post-title\">\r\n                <a href=\"https:\/\/feyjusticia.jesuitas.es\/gl\/historia\/iluminando-camino-safa\/\">Cincuenta a\u00f1os iluminando el camino de SAFA<\/a>\r\n            <\/h4>\r\n\t\t\t\t<div class=\"brbl-blog-meta\">\r\n\t\t\t\t\t \r\n\t\t\t\t<\/div>\r\n\t\t\t\t<div class=\"brbl-post-excerpt\">Felipe S\u00e1nchez - Sevilla A\u00f1o 1941. Un ni\u00f1o entra en una de las nuevas escuelas que se est\u00e1n fundando en localidades de la provincia de Ja\u00e9n. Tiene...<\/div>\r\n\t\t\t\t\r\n            <\/div>\r\n        <\/article>\r\n    <\/div><div class=\"brbl-blog-item  brbl-blog-item-layout3-0\">\r\n        <article class=\"brbl-post-card brbl-post-card-3 \">\r\n            <figure class=\"brbl-post-thumb\">\r\n\t\t\t<a href=\"https:\/\/feyjusticia.jesuitas.es\/gl\/historia\/cristianismo-y-justicia\/\">\r\n\t\t\t\t<div class=\"brbl-overlay\" data-icon=\"\"><\/div>\r\n\t\t\t\t<img width=\"1024\" height=\"425\" src=\"https:\/\/feyjusticia.jesuitas.es\/wp-content\/uploads\/2025\/10\/quadern_fe_justicia_web_0-1024x425.jpg\" class=\"attachment-large size-large wp-post-image\" alt=\"\" decoding=\"async\" loading=\"lazy\" srcset=\"https:\/\/feyjusticia.jesuitas.es\/wp-content\/uploads\/2025\/10\/quadern_fe_justicia_web_0-980x406.jpg 980w, https:\/\/feyjusticia.jesuitas.es\/wp-content\/uploads\/2025\/10\/quadern_fe_justicia_web_0-480x199.jpg 480w\" sizes=\"(min-width: 0px) and (max-width: 480px) 480px, (min-width: 481px) and (max-width: 980px) 980px, (min-width: 981px) 1024px, 100vw\" \/>\r\n\t\t\t<\/a>\r\n\t\t<\/figure>\r\n\t\t\t<div class=\"brbl-blog-content\">\r\n                 <h4 class=\"brbl-post-title\">\r\n                <a href=\"https:\/\/feyjusticia.jesuitas.es\/gl\/historia\/cristianismo-y-justicia\/\">Cristianismo y Justicia<\/a>\r\n            <\/h4>\r\n\t\t\t\t<div class=\"brbl-blog-meta\">\r\n\t\t\t\t\t \r\n\t\t\t\t<\/div>\r\n\t\t\t\t<div class=\"brbl-post-excerpt\">Jos\u00e9 Ignacio Garc\u00eda SJ - Barcelona Todo&nbsp;nos&nbsp;vincula al decreto 4 de la Congregaci\u00f3n General 32. Nuestro nacimiento se debi\u00f3 a este...<\/div>\r\n\t\t\t\t\r\n            <\/div>\r\n        <\/article>\r\n    <\/div><div class=\"brbl-blog-item  brbl-blog-item-layout3-0\">\r\n        <article class=\"brbl-post-card brbl-post-card-3 \">\r\n            <figure class=\"brbl-post-thumb\">\r\n\t\t\t<a href=\"https:\/\/feyjusticia.jesuitas.es\/gl\/historia\/de-nosotros-quien-ocupa\/\">\r\n\t\t\t\t<div class=\"brbl-overlay\" data-icon=\"\"><\/div>\r\n\t\t\t\t<img width=\"1024\" height=\"683\" src=\"https:\/\/feyjusticia.jesuitas.es\/wp-content\/uploads\/2025\/10\/91495319_106649060989496_4780699681673969664_n-1024x683.jpg\" class=\"attachment-large size-large wp-post-image\" alt=\"\" decoding=\"async\" loading=\"lazy\" srcset=\"https:\/\/feyjusticia.jesuitas.es\/wp-content\/uploads\/2025\/10\/91495319_106649060989496_4780699681673969664_n-980x653.jpg 980w, https:\/\/feyjusticia.jesuitas.es\/wp-content\/uploads\/2025\/10\/91495319_106649060989496_4780699681673969664_n-480x320.jpg 480w\" sizes=\"(min-width: 0px) and (max-width: 480px) 480px, (min-width: 481px) and (max-width: 980px) 980px, (min-width: 981px) 1024px, 100vw\" \/>\r\n\t\t\t<\/a>\r\n\t\t<\/figure>\r\n\t\t\t<div class=\"brbl-blog-content\">\r\n                 <h4 class=\"brbl-post-title\">\r\n                <a href=\"https:\/\/feyjusticia.jesuitas.es\/gl\/historia\/de-nosotros-quien-ocupa\/\">Y de nosotros \u00bfqui\u00e9n se ocupa?<\/a>\r\n            <\/h4>\r\n\t\t\t\t<div class=\"brbl-blog-meta\">\r\n\t\t\t\t\t \r\n\t\t\t\t<\/div>\r\n\t\t\t\t<div class=\"brbl-post-excerpt\">Higinio Pi - Alicante Javi, de once a\u00f1os, en la puerta de su casa, junto a su hermano de seis, al ver c\u00f3mo se llevan a su madre, con sida, al...<\/div>\r\n\t\t\t\t\r\n            <\/div>\r\n        <\/article>\r\n    <\/div><div class=\"brbl-blog-item  brbl-blog-item-layout3-0\">\r\n        <article class=\"brbl-post-card brbl-post-card-3 \">\r\n            <figure class=\"brbl-post-thumb\">\r\n\t\t\t<a href=\"https:\/\/feyjusticia.jesuitas.es\/gl\/historia\/eco_decreto_hospitalidad\/\">\r\n\t\t\t\t<div class=\"brbl-overlay\" data-icon=\"\"><\/div>\r\n\t\t\t\t<img width=\"957\" height=\"460\" src=\"https:\/\/feyjusticia.jesuitas.es\/wp-content\/uploads\/2025\/10\/hospitalidad4.jpg\" class=\"attachment-large size-large wp-post-image\" alt=\"\" decoding=\"async\" loading=\"lazy\" srcset=\"https:\/\/feyjusticia.jesuitas.es\/wp-content\/uploads\/2025\/10\/hospitalidad4.jpg 957w, https:\/\/feyjusticia.jesuitas.es\/wp-content\/uploads\/2025\/10\/hospitalidad4-480x231.jpg 480w\" sizes=\"(min-width: 0px) and (max-width: 480px) 480px, (min-width: 481px) 957px, 100vw\" \/>\r\n\t\t\t<\/a>\r\n\t\t<\/figure>\r\n\t\t\t<div class=\"brbl-blog-content\">\r\n                 <h4 class=\"brbl-post-title\">\r\n                <a href=\"https:\/\/feyjusticia.jesuitas.es\/gl\/historia\/eco_decreto_hospitalidad\/\">El eco del decreto Fe-Justicia en el amanecer de la hospitalidad<\/a>\r\n            <\/h4>\r\n\t\t\t\t<div class=\"brbl-blog-meta\">\r\n\t\t\t\t\t \r\n\t\t\t\t<\/div>\r\n\t\t\t\t<div class=\"brbl-post-excerpt\">Alberto Ares SJ - Bruselas Era septiembre de 2015 cuando las im\u00e1genes de Aylan Kurdi, el ni\u00f1o sirio ahogado en las costas turcas, sacudieron las...<\/div>\r\n\t\t\t\t\r\n            <\/div>\r\n        <\/article>\r\n    <\/div><\/div><nav class=\"brbl-pagination\" role=\"navigation\" aria-label=\"Pagination\"><div class=\"brbl-page-load-status brbl-page-load-status-0\" style=\"display: none;\">\r\n\t\t\t\t<div class=\"loader-ellips infinite-scroll-request\">\r\n\t\t\t\t\t<span class=\"loader-ellips__dot\"><\/span>\r\n\t\t\t\t\t<span class=\"loader-ellips__dot\"><\/span>\r\n\t\t\t\t\t<span class=\"loader-ellips__dot\"><\/span>\r\n\t\t\t\t\t<span class=\"loader-ellips__dot\"><\/span>\r\n\t\t\t\t<\/div>\r\n\t\t\t<\/div><div class=\"pagination clearfix\">\r\n\t<div class=\"alignleft\"><\/div>\r\n\t<div class=\"alignright\"><\/div>\r\n<\/div><\/nav>\r\n            <\/div>\n\t\t\t\t<\/div>\n\t\t\t<\/div><\/p>\n","protected":false},"author":1,"featured_media":0,"parent":0,"menu_order":0,"comment_status":"closed","ping_status":"closed","template":"","meta":{"_acf_changed":false,"_et_pb_use_builder":"on","_et_pb_old_content":"","_et_gb_content_width":"","footnotes":""},"class_list":["post-239","page","type-page","status-publish","hentry"],"acf":[],"_links":{"self":[{"href":"https:\/\/feyjusticia.jesuitas.es\/gl\/wp-json\/wp\/v2\/pages\/239","targetHints":{"allow":["GET"]}}],"collection":[{"href":"https:\/\/feyjusticia.jesuitas.es\/gl\/wp-json\/wp\/v2\/pages"}],"about":[{"href":"https:\/\/feyjusticia.jesuitas.es\/gl\/wp-json\/wp\/v2\/types\/page"}],"author":[{"embeddable":true,"href":"https:\/\/feyjusticia.jesuitas.es\/gl\/wp-json\/wp\/v2\/users\/1"}],"replies":[{"embeddable":true,"href":"https:\/\/feyjusticia.jesuitas.es\/gl\/wp-json\/wp\/v2\/comments?post=239"}],"version-history":[{"count":5,"href":"https:\/\/feyjusticia.jesuitas.es\/gl\/wp-json\/wp\/v2\/pages\/239\/revisions"}],"predecessor-version":[{"id":244,"href":"https:\/\/feyjusticia.jesuitas.es\/gl\/wp-json\/wp\/v2\/pages\/239\/revisions\/244"}],"wp:attachment":[{"href":"https:\/\/feyjusticia.jesuitas.es\/gl\/wp-json\/wp\/v2\/media?parent=239"}],"curies":[{"name":"wp","href":"https:\/\/api.w.org\/{rel}","templated":true}]}}