{"id":247,"date":"2025-10-08T14:26:43","date_gmt":"2025-10-08T12:26:43","guid":{"rendered":"https:\/\/feyjusticia.jesuitas.es\/ecos\/"},"modified":"2026-03-26T10:02:13","modified_gmt":"2026-03-26T09:02:13","slug":"ecos","status":"publish","type":"page","link":"https:\/\/feyjusticia.jesuitas.es\/gl\/ecos\/","title":{"rendered":"Ecos"},"content":{"rendered":"<p>[et_pb_section fb_built=&#8221;1&#8243; _builder_version=&#8221;4.27.4&#8243; _module_preset=&#8221;default&#8221; background_color=&#8221;#023047&#8243; global_colors_info=&#8221;{}&#8221;][et_pb_row _builder_version=&#8221;4.27.4&#8243; _module_preset=&#8221;default&#8221; width=&#8221;90%&#8221; max_width=&#8221;1920px&#8221; global_colors_info=&#8221;{}&#8221;][et_pb_column type=&#8221;4_4&#8243; _builder_version=&#8221;4.27.4&#8243; _module_preset=&#8221;default&#8221; global_colors_info=&#8221;{}&#8221;][et_pb_text _builder_version=&#8221;4.27.4&#8243; _module_preset=&#8221;default&#8221; header_font=&#8221;&#8211;et_global_body_font|||on|||||&#8221; header_text_color=&#8221;#8ECAE6&#8243; header_font_size=&#8221;24px&#8221; header_letter_spacing=&#8221;2px&#8221; header_2_font=&#8221;|||on|||||&#8221; header_2_text_color=&#8221;#F9F9F9&#8243; header_2_font_size=&#8221;40px&#8221; global_colors_info=&#8221;{}&#8221;]<\/p>\n<h1>Ecos do cuarto decreto<\/h1>\n<h2>a m\u00fasica da fe e da xustiza<\/h2>\n<p>[\/et_pb_text][\/et_pb_column][\/et_pb_row][et_pb_row column_structure=&#8221;2_3,1_3&#8243; _builder_version=&#8221;4.27.4&#8243; _module_preset=&#8221;default&#8221; width=&#8221;90%&#8221; max_width=&#8221;1920px&#8221; global_colors_info=&#8221;{}&#8221;][et_pb_column type=&#8221;2_3&#8243; _builder_version=&#8221;4.27.4&#8243; _module_preset=&#8221;default&#8221; global_colors_info=&#8221;{}&#8221;][et_pb_text _builder_version=&#8221;4.27.4&#8243; _module_preset=&#8221;default&#8221; text_text_color=&#8221;#F9F9F9&#8243; text_line_height=&#8221;1.6em&#8221; header_font=&#8221;&#8211;et_global_body_font|||on|||||&#8221; header_text_color=&#8221;#8ECAE6&#8243; header_font_size=&#8221;24px&#8221; header_letter_spacing=&#8221;2px&#8221; header_2_font=&#8221;|||on|||||&#8221; header_2_text_color=&#8221;#F9F9F9&#8243; header_2_font_size=&#8221;40px&#8221; global_colors_info=&#8221;{}&#8221;]<\/p>\n<p><span style=\"font-weight: 400;\">A opci\u00f3n fe-xustiza \u2014ese berro prof\u00e9tico da Compa\u00f1\u00eda de Xes\u00fas na 32\u00aa Congregaci\u00f3n Xeral\u2014 xerou ondas de choque que seguen resoando. Para explorar o seu eco, podemos deixarnos guiar por unha met\u00e1fora musical. Tres instrumentos, tres modos de vibraci\u00f3n, tres claves para comprender este cami\u00f1o espiritual e comprometido: o viol\u00edn, o acorde\u00f3n e o tambor. Cada unha, co seu son particular, ax\u00fadanos a escoitar o que o Esp\u00edrito contin\u00faa dicindo hoxe. Cada unha delas perm\u00edtenos captar unha faceta do binomio fe-xustiza.<\/span><\/p>\n<p>[\/et_pb_text][\/et_pb_column][et_pb_column type=&#8221;1_3&#8243; _builder_version=&#8221;4.27.4&#8243; _module_preset=&#8221;default&#8221; global_colors_info=&#8221;{}&#8221;][\/et_pb_column][\/et_pb_row][et_pb_row column_structure=&#8221;2_3,1_3&#8243; make_equal=&#8221;on&#8221; _builder_version=&#8221;4.27.4&#8243; _module_preset=&#8221;default&#8221; width=&#8221;90%&#8221; max_width=&#8221;1920px&#8221; hover_enabled=&#8221;0&#8243; global_colors_info=&#8221;{}&#8221; sticky_enabled=&#8221;0&#8243;][et_pb_column type=&#8221;2_3&#8243; _builder_version=&#8221;4.27.4&#8243; _module_preset=&#8221;default&#8221; custom_padding=&#8221;20px||20px||true|false&#8221; custom_css_main_element=&#8221;margin: auto;&#8221; global_colors_info=&#8221;{}&#8221;][et_pb_text _builder_version=&#8221;4.27.4&#8243; _module_preset=&#8221;default&#8221; text_text_color=&#8221;#F9F9F9&#8243; text_line_height=&#8221;1.6em&#8221; header_font=&#8221;&#8211;et_global_body_font|||on|||||&#8221; header_text_color=&#8221;#8ECAE6&#8243; header_font_size=&#8221;24px&#8221; header_letter_spacing=&#8221;2px&#8221; header_2_font=&#8221;|||on|||||&#8221; header_2_text_color=&#8221;#F9F9F9&#8243; header_2_font_size=&#8221;40px&#8221; global_colors_info=&#8221;{}&#8221;]<\/p>\n<p><span style=\"font-weight: 400;\">O viol\u00edn. Do mesmo xeito que o violinista no tellado \u2014unha figura evocadora tanto no cine como nas pinturas de Marc Chagall\u2014 suspendido entre o ceo e a terra, a inseparable parella de fe e xustiza equilibra esa tensi\u00f3n entre o sagrado e o profano, o global e o local. O violinista ten un p\u00e9 apuntando ao ceo e o outro ancorado no chan, desde onde eleva a s\u00faa m\u00fasica. P\u00e9s na terra e un berro ao ceo. As\u00ed tam\u00e9n o \u00e9 a nosa opci\u00f3n fundamental, \u00aba loita crucial do noso tempo, a loita pola fe e a loita pola xustiza que esta mesma fe esixe\u00bb (CG32, D2, n. 2): enraizada na realidade ferida e sempre aberta \u00e1 esperanza. O viol\u00edn canta fermosamente un compromiso que non s\u00f3 \u00e9 \u00e9tico, sen\u00f3n profundamente evanx\u00e9lico. \u00abEn resumo: a misi\u00f3n da Compa\u00f1\u00eda de Xes\u00fas hoxe \u00e9 o servizo da fe, da cal a promoci\u00f3n da xustiza \u00e9 un requisito absoluto\u00bb (CG32, D4, n. 2).<\/span><\/p>\n<p>[\/et_pb_text][\/et_pb_column][et_pb_column type=&#8221;1_3&#8243; _builder_version=&#8221;4.27.4&#8243; _module_preset=&#8221;default&#8221; background_image=&#8221;https:\/\/feyjusticia.jesuitas.es\/wp-content\/uploads\/2025\/10\/sjdigital_A_photo_of_a_violinist_standing_on_a_rooftop_at_sunse_8e2b7b6f-15ad-4b0a-853a-bd25eb31f42b.jpeg&#8221; scroll_fade_enable=&#8221;on&#8221; scroll_fade=&#8221;0|25|75|100|0|100|0%&#8221; border_radii=&#8221;on|30px|30px|30px|30px&#8221; global_colors_info=&#8221;{}&#8221;][et_pb_code _builder_version=&#8221;4.27.4&#8243; _module_preset=&#8221;default&#8221; min_height=&#8221;300px&#8221; hover_enabled=&#8221;0&#8243; sticky_enabled=&#8221;0&#8243;][\/et_pb_code][\/et_pb_column][\/et_pb_row][et_pb_row column_structure=&#8221;2_3,1_3&#8243; make_equal=&#8221;on&#8221; _builder_version=&#8221;4.27.4&#8243; _module_preset=&#8221;default&#8221; width=&#8221;90%&#8221; max_width=&#8221;1920px&#8221; global_colors_info=&#8221;{}&#8221;][et_pb_column type=&#8221;2_3&#8243; _builder_version=&#8221;4.27.4&#8243; _module_preset=&#8221;default&#8221; custom_padding=&#8221;20px||20px||true|false&#8221; custom_css_main_element=&#8221;margin: auto;&#8221; global_colors_info=&#8221;{}&#8221;][et_pb_text _builder_version=&#8221;4.27.4&#8243; _module_preset=&#8221;default&#8221; text_text_color=&#8221;#F9F9F9&#8243; text_line_height=&#8221;1.6em&#8221; header_font=&#8221;&#8211;et_global_body_font|||on|||||&#8221; header_text_color=&#8221;#8ECAE6&#8243; header_font_size=&#8221;24px&#8221; header_letter_spacing=&#8221;2px&#8221; header_2_font=&#8221;|||on|||||&#8221; header_2_text_color=&#8221;#F9F9F9&#8243; header_2_font_size=&#8221;40px&#8221; global_colors_info=&#8221;{}&#8221;]<\/p>\n<p><span style=\"font-weight: 400;\">O acorde\u00f3n axuda a captar o ritmo da historia recente. O seu movemento de expansi\u00f3n e contracci\u00f3n evoca o proceso vivido nestas d\u00e9cadas, marcando o punto de inflexi\u00f3n que representou o ano 2000. Vinte e cinco anos despois do Decreto 4, a carta do padre Kolvenbach sobre o apostolado social distingu\u00eda claramente entre a dimensi\u00f3n social de toda a nosa misi\u00f3n e o propio sector social. E advertiu con firmeza sobre o risco de que &#8220;debido \u00e1 falta dun apostolado social vigoroso e ben organizado, a esencial dimensi\u00f3n social se vaia esvaecendo gradualmente&#8221;. En Espa\u00f1a, as Conferencias Sociais de Alcal\u00e1 nese mesmo ano 2000 deron lugar \u00e1 organizaci\u00f3n do sector social que hoxe co\u00f1ecemos, iluminando decisi\u00f3ns que resultaron frut\u00edferas. O acorde\u00f3n exp\u00e1ndese para levar a dimensi\u00f3n social a todos os \u00e1mbitos e contr\u00e1ese para articular un sector espec\u00edfico, s\u00f3lido e comprometido.<\/span><\/p>\n<p>[\/et_pb_text][\/et_pb_column][et_pb_column type=&#8221;1_3&#8243; _builder_version=&#8221;4.27.4&#8243; _module_preset=&#8221;default&#8221; background_image=&#8221;https:\/\/feyjusticia.jesuitas.es\/wp-content\/uploads\/2025\/10\/sjdigital_A_photo_of_a_middle-aged_man_or_woman_playing_an_acco_6ade3299-cbbc-4f53-a746-9fa01734722f.jpeg&#8221; scroll_fade_enable=&#8221;on&#8221; scroll_fade=&#8221;0|25|75|100|0|100|0%&#8221; border_radii=&#8221;on|30px|30px|30px|30px&#8221; global_colors_info=&#8221;{}&#8221;][et_pb_code _builder_version=&#8221;4.27.4&#8243; _module_preset=&#8221;default&#8221; min_height=&#8221;300px&#8221; hover_enabled=&#8221;0&#8243; sticky_enabled=&#8221;0&#8243;][\/et_pb_code][\/et_pb_column][\/et_pb_row][et_pb_row column_structure=&#8221;2_3,1_3&#8243; make_equal=&#8221;on&#8221; _builder_version=&#8221;4.27.4&#8243; _module_preset=&#8221;default&#8221; width=&#8221;90%&#8221; max_width=&#8221;1920px&#8221; global_colors_info=&#8221;{}&#8221;][et_pb_column type=&#8221;2_3&#8243; _builder_version=&#8221;4.27.4&#8243; _module_preset=&#8221;default&#8221; custom_padding=&#8221;20px||20px||true|false&#8221; custom_css_main_element=&#8221;margin: auto;&#8221; global_colors_info=&#8221;{}&#8221;][et_pb_text _builder_version=&#8221;4.27.4&#8243; _module_preset=&#8221;default&#8221; text_text_color=&#8221;#F9F9F9&#8243; text_line_height=&#8221;1.6em&#8221; header_font=&#8221;&#8211;et_global_body_font|||on|||||&#8221; header_text_color=&#8221;#8ECAE6&#8243; header_font_size=&#8221;24px&#8221; header_letter_spacing=&#8221;2px&#8221; header_2_font=&#8221;|||on|||||&#8221; header_2_text_color=&#8221;#F9F9F9&#8243; header_2_font_size=&#8221;40px&#8221; global_colors_info=&#8221;{}&#8221;]<\/p>\n<p><span style=\"font-weight: 400;\">O tambor, presente en moitas culturas, convoca o pobo e marca o pulso do ben com\u00fan. O seu ritmo profundo con\u00e9ctase coa dimensi\u00f3n espiritual da xustiza. L\u00e9mbranos \u2014como se canta en<\/span> <i><span style=\"font-weight: 400;\">Os Miserables<\/span><\/i> <span style=\"font-weight: 400;\">:<\/span> <i><span style=\"font-weight: 400;\">\u00abCando o latexar do teu coraz\u00f3n fai eco do latexar do tambor&#8230;\u00bb<\/span><\/i> <span style=\"font-weight: 400;\">\u2014 que a fe comprometida non \u00e9 s\u00f3 doutrina ou ideolox\u00eda, sen\u00f3n unha experiencia vivida que toca o coraz\u00f3n. Como afirmou a 34\u00aa Congregaci\u00f3n Xeral: \u00abA nosa fe volveuse m\u00e1is pascual, m\u00e1is compasiva, m\u00e1is tenra, m\u00e1is evanx\u00e9lica na s\u00faa sinxeleza\u00bb (CG34, D2, n. 1). Falar de fe-xustiza \u00e9 falar dunha espiritualidade encarnada, onde o misticismo e a acci\u00f3n non se opo\u00f1en, sen\u00f3n que se abrazan. Estamos a aprender a ser persoas contemplativas en acci\u00f3n pola xustiza.<\/span><\/p>\n<p>[\/et_pb_text][\/et_pb_column][et_pb_column type=&#8221;1_3&#8243; _builder_version=&#8221;4.27.4&#8243; _module_preset=&#8221;default&#8221; background_image=&#8221;https:\/\/feyjusticia.jesuitas.es\/wp-content\/uploads\/2025\/10\/sjdigital_A_photo_of_a_group_of_diverse_people_from_different_b_5a047604-78d8-4bec-bbc2-06b6a790bb05.jpeg&#8221; scroll_fade_enable=&#8221;on&#8221; scroll_fade=&#8221;0|25|75|100|0|100|0%&#8221; border_radii=&#8221;on|30px|30px|30px|30px&#8221; global_colors_info=&#8221;{}&#8221;][et_pb_code _builder_version=&#8221;4.27.4&#8243; _module_preset=&#8221;default&#8221; min_height=&#8221;300px&#8221; hover_enabled=&#8221;0&#8243; sticky_enabled=&#8221;0&#8243;][\/et_pb_code][\/et_pb_column][\/et_pb_row][et_pb_row column_structure=&#8221;2_3,1_3&#8243; make_equal=&#8221;on&#8221; _builder_version=&#8221;4.27.4&#8243; _module_preset=&#8221;default&#8221; width=&#8221;90%&#8221; max_width=&#8221;1920px&#8221; global_colors_info=&#8221;{}&#8221;][et_pb_column type=&#8221;2_3&#8243; _builder_version=&#8221;4.27.4&#8243; _module_preset=&#8221;default&#8221; custom_padding=&#8221;20px||20px||true|false&#8221; custom_css_main_element=&#8221;margin: auto;&#8221; global_colors_info=&#8221;{}&#8221;][et_pb_text _builder_version=&#8221;4.27.4&#8243; _module_preset=&#8221;default&#8221; text_text_color=&#8221;#F9F9F9&#8243; text_line_height=&#8221;1.6em&#8221; header_font=&#8221;&#8211;et_global_body_font|||on|||||&#8221; header_text_color=&#8221;#8ECAE6&#8243; header_font_size=&#8221;24px&#8221; header_letter_spacing=&#8221;2px&#8221; header_2_font=&#8221;|||on|||||&#8221; header_2_text_color=&#8221;#F9F9F9&#8243; header_2_font_size=&#8221;40px&#8221; global_colors_info=&#8221;{}&#8221;]<\/p>\n<p><span style=\"font-weight: 400;\">Quizais poidamos engadir un cuarto instrumento: o sintetizador, ese dispositivo que nos permite crear novas combinaci\u00f3ns. O sintetizador representa o desaf\u00edo actual: articular unha nova s\u00edntese entre fe e xustiza que tam\u00e9n integre a reconciliaci\u00f3n coa creaci\u00f3n, a hospitalidade intercultural e a compaix\u00f3n activa nun mundo fragmentado. \u00c9 hora de compor m\u00fasica nova, sen perder as notas do Evanxeo. Como nos lembra o Papa Francisco: \u00abSe a m\u00fasica do Evanxeo deixa de resoar dentro de n\u00f3s, teremos perdido a alegr\u00eda que xorde da compaix\u00f3n&#8230; Se deixa de soar nos nosos fogares, nas nosas prazas, no traballo, na pol\u00edtica e na econom\u00eda, teremos silenciado a melod\u00eda que nos desafiaba a loitar pola dignidade de cada home e muller\u00bb (<\/span> <i><span style=\"font-weight: 400;\">Fratelli Tutti<\/span><\/i> <span style=\"font-weight: 400;\">, 277).<\/span><\/p>\n<p>[\/et_pb_text][\/et_pb_column][et_pb_column type=&#8221;1_3&#8243; _builder_version=&#8221;4.27.4&#8243; _module_preset=&#8221;default&#8221; background_image=&#8221;https:\/\/feyjusticia.jesuitas.es\/wp-content\/uploads\/2025\/10\/sjdigital_A_photo_of_a_young_person_composing_music_with_a_synt_1e60bbdc-34ab-4a51-8c01-85bb36be0d95.jpeg&#8221; scroll_fade_enable=&#8221;on&#8221; scroll_fade=&#8221;0|25|75|100|0|100|0%&#8221; border_radii=&#8221;on|30px|30px|30px|30px&#8221; global_colors_info=&#8221;{}&#8221;][et_pb_code _builder_version=&#8221;4.27.4&#8243; _module_preset=&#8221;default&#8221; min_height=&#8221;300px&#8221; hover_enabled=&#8221;0&#8243; sticky_enabled=&#8221;0&#8243;][\/et_pb_code][\/et_pb_column][\/et_pb_row][\/et_pb_section]<\/p>\n","protected":false},"excerpt":{"rendered":"<p>Ecos do cuarto decreto a m\u00fasica da fe e da xustizaA opci\u00f3n fe-xustiza \u2014ese berro prof\u00e9tico da Compa\u00f1\u00eda de Xes\u00fas na 32\u00aa Congregaci\u00f3n Xeral\u2014 xerou ondas de choque que seguen resoando. Para explorar o seu eco, podemos deixarnos guiar por unha met\u00e1fora musical. Tres instrumentos, tres modos de vibraci\u00f3n, tres claves para comprender este cami\u00f1o [&hellip;]<\/p>\n","protected":false},"author":1,"featured_media":0,"parent":0,"menu_order":0,"comment_status":"closed","ping_status":"closed","template":"","meta":{"_acf_changed":false,"_et_pb_use_builder":"on","_et_pb_old_content":"","_et_gb_content_width":"","footnotes":""},"class_list":["post-247","page","type-page","status-publish","hentry"],"acf":[],"_links":{"self":[{"href":"https:\/\/feyjusticia.jesuitas.es\/gl\/wp-json\/wp\/v2\/pages\/247","targetHints":{"allow":["GET"]}}],"collection":[{"href":"https:\/\/feyjusticia.jesuitas.es\/gl\/wp-json\/wp\/v2\/pages"}],"about":[{"href":"https:\/\/feyjusticia.jesuitas.es\/gl\/wp-json\/wp\/v2\/types\/page"}],"author":[{"embeddable":true,"href":"https:\/\/feyjusticia.jesuitas.es\/gl\/wp-json\/wp\/v2\/users\/1"}],"replies":[{"embeddable":true,"href":"https:\/\/feyjusticia.jesuitas.es\/gl\/wp-json\/wp\/v2\/comments?post=247"}],"version-history":[{"count":6,"href":"https:\/\/feyjusticia.jesuitas.es\/gl\/wp-json\/wp\/v2\/pages\/247\/revisions"}],"predecessor-version":[{"id":259,"href":"https:\/\/feyjusticia.jesuitas.es\/gl\/wp-json\/wp\/v2\/pages\/247\/revisions\/259"}],"wp:attachment":[{"href":"https:\/\/feyjusticia.jesuitas.es\/gl\/wp-json\/wp\/v2\/media?parent=247"}],"curies":[{"name":"wp","href":"https:\/\/api.w.org\/{rel}","templated":true}]}}