{"id":303,"date":"2025-10-08T06:04:22","date_gmt":"2025-10-08T04:04:22","guid":{"rendered":"https:\/\/feyjusticia.jesuitas.es\/paxina-de-exemplo\/"},"modified":"2026-03-26T10:02:44","modified_gmt":"2026-03-26T09:02:44","slug":"paxina-de-exemplo","status":"publish","type":"page","link":"https:\/\/feyjusticia.jesuitas.es\/gl\/paxina-de-exemplo\/","title":{"rendered":"P\u00e1xina de exemplo"},"content":{"rendered":"\n<p>Esta \u00e9 unha p\u00e1xina de exemplo. \u00c9 diferente dunha entrada de blog porque permanecer\u00e1 nun s\u00f3 lugar e aparecer\u00e1 na navegaci\u00f3n do teu sitio (na maior\u00eda dos temas). A maior\u00eda da xente comeza cunha p\u00e1xina &#8220;Acerca de&#8221; que lles presenta aos potenciais visitantes do sitio. Poder\u00eda dicir algo as\u00ed como:<\/p>\n\n<blockquote class=\"wp-block-quote is-layout-flow wp-block-quote-is-layout-flow\"><p>Ola! Son mensaxeiro en bicicleta de d\u00eda e aspirante a actor de noite, e esta \u00e9 a mi\u00f1a p\u00e1xina web. Vivo en Los \u00c1ngeles, te\u00f1o un can estupendo chamado Jack e g\u00fastanme as pi\u00f1as coladas. (E quedar atrapado pola choiva.)<\/p><\/blockquote>\n\n<p>&#8230;ou algo as\u00ed:<\/p>\n\n<blockquote class=\"wp-block-quote is-layout-flow wp-block-quote-is-layout-flow\"><p>A empresa XYZ Doohickey fundouse en 1971 e leva ofrecendo doohickeys de calidade ao p\u00fablico desde ent\u00f3n. Situada en Gotham City, XYZ emprega a m\u00e1is de 2.000 persoas e fai todo tipo de cousas incribles para a comunidade de Gotham.<\/p><\/blockquote>\n\n<p>Como novo usuario de WordPress, debes ir ao <a href=\"https:\/\/feyjusticia.jesuitas.es\/wp-admin\/\">teu panel<\/a> para eliminar esta p\u00e1xina e crear novas p\u00e1xinas para o teu contido. Div\u00edrtete!<\/p>\n","protected":false},"excerpt":{"rendered":"<p>Esta \u00e9 unha p\u00e1xina de exemplo. \u00c9 diferente dunha entrada de blog porque permanecer\u00e1 nun s\u00f3 lugar e aparecer\u00e1 na navegaci\u00f3n do teu sitio (na maior\u00eda dos temas). A maior\u00eda da xente comeza cunha p\u00e1xina &#8220;Acerca de&#8221; que lles presenta aos potenciais visitantes do sitio. Poder\u00eda dicir algo as\u00ed como: Ola! Son mensaxeiro en bicicleta [&hellip;]<\/p>\n","protected":false},"author":1,"featured_media":0,"parent":0,"menu_order":0,"comment_status":"closed","ping_status":"open","template":"","meta":{"_acf_changed":false,"_et_pb_use_builder":"","_et_pb_old_content":"","_et_gb_content_width":"","footnotes":""},"class_list":["post-303","page","type-page","status-publish","hentry"],"acf":[],"_links":{"self":[{"href":"https:\/\/feyjusticia.jesuitas.es\/gl\/wp-json\/wp\/v2\/pages\/303","targetHints":{"allow":["GET"]}}],"collection":[{"href":"https:\/\/feyjusticia.jesuitas.es\/gl\/wp-json\/wp\/v2\/pages"}],"about":[{"href":"https:\/\/feyjusticia.jesuitas.es\/gl\/wp-json\/wp\/v2\/types\/page"}],"author":[{"embeddable":true,"href":"https:\/\/feyjusticia.jesuitas.es\/gl\/wp-json\/wp\/v2\/users\/1"}],"replies":[{"embeddable":true,"href":"https:\/\/feyjusticia.jesuitas.es\/gl\/wp-json\/wp\/v2\/comments?post=303"}],"version-history":[{"count":1,"href":"https:\/\/feyjusticia.jesuitas.es\/gl\/wp-json\/wp\/v2\/pages\/303\/revisions"}],"predecessor-version":[{"id":304,"href":"https:\/\/feyjusticia.jesuitas.es\/gl\/wp-json\/wp\/v2\/pages\/303\/revisions\/304"}],"wp:attachment":[{"href":"https:\/\/feyjusticia.jesuitas.es\/gl\/wp-json\/wp\/v2\/media?parent=303"}],"curies":[{"name":"wp","href":"https:\/\/api.w.org\/{rel}","templated":true}]}}